{"id":847,"date":"2025-10-11T17:12:43","date_gmt":"2025-10-11T17:12:43","guid":{"rendered":"https:\/\/verticalchurch.es\/no-desktop-2\/"},"modified":"2025-10-11T17:14:32","modified_gmt":"2025-10-11T17:14:32","slug":"no-desktop-2","status":"publish","type":"page","link":"https:\/\/verticalchurch.es\/es\/no-desktop-2\/","title":{"rendered":"no-desktop"},"content":{"rendered":"<section  class='av_textblock_section av-mgmj8x7p-f3b889d4329fe9f0c968bbfad3ebdcf2 '   itemscope=\"itemscope\" itemtype=\"https:\/\/schema.org\/CreativeWork\" ><div class='avia_textblock'  itemprop=\"text\" ><div id=\"wrap_all\">\n<div id=\"main\" class=\"all_colors\" data-scroll-offset=\"116\">\n<div class=\"main_color container_wrap_first container_wrap fullsize\">\n<div class=\"container av-section-cont-open\"><main class=\"template-page content av-content-full alpha units\" role=\"main\"><\/p>\n<div class=\"post-entry post-entry-type-page post-entry-808\">\n<div class=\"entry-content-wrapper clearfix\">\n<section class=\"av_textblock_section av-mgld7hmc-58bca32ebf8dd75a3fe7f098af87182e \">\n<div class=\"avia_textblock\">\n<div>\n<div>\n<h4 style=\"text-align: center;\">Disponible solo en tel\u00e9fono y tableta<\/h4>\n<p style=\"text-align: center;\">El sitio web de Vertical Church est\u00e1 optimizado para la experiencia m\u00f3vil. Por favor, abre esta p\u00e1gina en un tel\u00e9fono o iPad. <\/p>\n<div class=\"hr av-8cku8-1ebabebea9fc957b6587a214bc7dd97a hr-short avia-builder-el-1 avia-builder-el-no-sibling hr-center\" style=\"text-align: center;\"><\/div>\n<h4 style=\"text-align: center;\" data-start=\"0\" data-end=\"39\">Disponible solo en tel\u00e9fono y tableta<\/h4>\n<p style=\"text-align: center;\" data-start=\"41\" data-end=\"166\" data-is-last-node=\"\" data-is-only-node=\"\">El sitio web de Vertical Church est\u00e1 optimizado para la experiencia m\u00f3vil. Por favor, abre esta p\u00e1gina en un tel\u00e9fono o iPad. <\/p>\n<\/div>\n<\/div>\n<\/div>\n<\/section>\n<\/div>\n<\/div>\n<p><\/main><\/div>\n<\/div>\n<\/div>\n<\/div>\n<\/div><\/section>\n","protected":false},"excerpt":{"rendered":"","protected":false},"author":1,"featured_media":0,"parent":0,"menu_order":0,"comment_status":"closed","ping_status":"closed","template":"","meta":{"_acf_changed":false,"footnotes":""},"class_list":["post-847","page","type-page","status-publish","hentry"],"acf":[],"_links":{"self":[{"href":"https:\/\/verticalchurch.es\/es\/wp-json\/wp\/v2\/pages\/847","targetHints":{"allow":["GET"]}}],"collection":[{"href":"https:\/\/verticalchurch.es\/es\/wp-json\/wp\/v2\/pages"}],"about":[{"href":"https:\/\/verticalchurch.es\/es\/wp-json\/wp\/v2\/types\/page"}],"author":[{"embeddable":true,"href":"https:\/\/verticalchurch.es\/es\/wp-json\/wp\/v2\/users\/1"}],"replies":[{"embeddable":true,"href":"https:\/\/verticalchurch.es\/es\/wp-json\/wp\/v2\/comments?post=847"}],"version-history":[{"count":2,"href":"https:\/\/verticalchurch.es\/es\/wp-json\/wp\/v2\/pages\/847\/revisions"}],"predecessor-version":[{"id":850,"href":"https:\/\/verticalchurch.es\/es\/wp-json\/wp\/v2\/pages\/847\/revisions\/850"}],"wp:attachment":[{"href":"https:\/\/verticalchurch.es\/es\/wp-json\/wp\/v2\/media?parent=847"}],"curies":[{"name":"wp","href":"https:\/\/api.w.org\/{rel}","templated":true}]}}