{"id":492,"date":"2025-09-30T11:20:07","date_gmt":"2025-09-30T09:20:07","guid":{"rendered":"https:\/\/verticalchurch.es\/eres-nuevo-en-vertical\/"},"modified":"2025-10-14T13:29:38","modified_gmt":"2025-10-14T13:29:38","slug":"servicio-de-impacto-maximo-sim","status":"publish","type":"page","link":"https:\/\/verticalchurch.es\/es\/servicio-de-impacto-maximo-sim\/","title":{"rendered":"SERVICIO DE M\u00c1XIMO IMPACTO (SMI)"},"content":{"rendered":"<div  class='flex_column av-3thuc-3f1867de6684a0a0d3ed2f1650584692 av_one_full  avia-builder-el-0  el_before_av_one_full  avia-builder-el-first  first flex_column_div  '     ><section  class='av_textblock_section av-mg8l6gj3-d55eb7b7e6780908894fb26521d075af '   itemscope=\"itemscope\" itemtype=\"https:\/\/schema.org\/CreativeWork\" ><div class='avia_textblock'  itemprop=\"text\" ><h3 class=\"title-xxl\" style=\"text-align: center;\">\u00a1Estoy deseando vernos el domingo en el SIM!<\/h3>\n<p class=\"paragraph-m\" style=\"text-align: center;\">Queremos que en cada adoraci\u00f3n p\u00fablica glorifiquemos juntos a Cristo, que lo conozcamos m\u00e1s, para que juntos crezcamos en fe y amor.<\/p>\n<p style=\"text-align: center;\">Deseamos ser una comunidad acogedora, que reciba a todos con alegr\u00eda, as\u00ed como nosotros fuimos recibidos por Cristo.<\/p>\n<\/div><\/section><br \/>\n\n<style type=\"text\/css\" data-created_by=\"avia_inline_auto\" id=\"style-css-av-mg8kxd9g-49aacf13a16d7504d35affa20af10da8\">\n.avia-image-container.av-mg8kxd9g-49aacf13a16d7504d35affa20af10da8 img.avia_image{\nbox-shadow:none;\n}\n.avia-image-container.av-mg8kxd9g-49aacf13a16d7504d35affa20af10da8 .av-image-caption-overlay-center{\ncolor:#ffffff;\n}\n<\/style>\n<div  class='avia-image-container av-mg8kxd9g-49aacf13a16d7504d35affa20af10da8 av-styling- avia-align-center  avia-builder-el-2  el_after_av_textblock  el_before_av_hr '   itemprop=\"image\" itemscope=\"itemscope\" itemtype=\"https:\/\/schema.org\/ImageObject\" ><div class=\"avia-image-container-inner\"><div class=\"avia-image-overlay-wrap\"><img decoding=\"async\" fetchpriority=\"high\" class='wp-image-487 avia-img-lazy-loading-not-487 avia_image ' src=\"https:\/\/verticalchurch.es\/wp-content\/uploads\/2025\/10\/DSC0574.jpg\" alt='' title='_DSC0574'  height=\"770\" width=\"1500\"  itemprop=\"thumbnailUrl\" srcset=\"https:\/\/verticalchurch.es\/wp-content\/uploads\/2025\/10\/DSC0574.jpg 1500w, https:\/\/verticalchurch.es\/wp-content\/uploads\/2025\/10\/DSC0574-300x154.jpg 300w, https:\/\/verticalchurch.es\/wp-content\/uploads\/2025\/10\/DSC0574-1030x529.jpg 1030w, https:\/\/verticalchurch.es\/wp-content\/uploads\/2025\/10\/DSC0574-768x394.jpg 768w, https:\/\/verticalchurch.es\/wp-content\/uploads\/2025\/10\/DSC0574-705x362.jpg 705w\" sizes=\"(max-width: 1500px) 100vw, 1500px\" \/><\/div><\/div><\/div><br \/>\n\n<style type=\"text\/css\" data-created_by=\"avia_inline_auto\" id=\"style-css-av-mg8ldqud-02611f43d7a5635f334228d0ed688e54\">\n#top .hr.av-mg8ldqud-02611f43d7a5635f334228d0ed688e54{\nmargin-top:5px;\nmargin-bottom:5px;\n}\n.hr.av-mg8ldqud-02611f43d7a5635f334228d0ed688e54 .hr-inner{\nwidth:50px;\nborder-color:#020202;\nmax-width:45%;\n}\n.hr.av-mg8ldqud-02611f43d7a5635f334228d0ed688e54 .av-seperator-icon{\ncolor:#020202;\n}\n.hr.av-mg8ldqud-02611f43d7a5635f334228d0ed688e54 .av-seperator-icon.avia-svg-icon svg:first-child{\nfill:#020202;\nstroke:#020202;\n}\n<\/style>\n<div  class='hr av-mg8ldqud-02611f43d7a5635f334228d0ed688e54 hr-custom  avia-builder-el-3  el_after_av_image  el_before_av_textblock  hr-center hr-icon-yes'><span class='hr-inner inner-border-av-border-thin'><span class=\"hr-inner-style\"><\/span><\/span><span class='av-seperator-icon avia-svg-icon avia-font-svg_entypo-fontello' data-av_svg_icon='bookmark' data-av_iconset='svg_entypo-fontello'><svg version=\"1.1\" xmlns=\"http:\/\/www.w3.org\/2000\/svg\" width=\"12\" height=\"32\" viewBox=\"0 0 12 32\" preserveAspectRatio=\"xMidYMid meet\" aria-labelledby='av-svg-title-1' aria-describedby='av-svg-desc-1' role=\"graphics-symbol\">\n<title id='av-svg-title-1'>Bookmark<\/title>\n<desc id='av-svg-desc-1'>Bookmark<\/desc>\n<path d=\"M9.92 1.6q0.704 0 1.152 0.48t0.448 1.12v27.2l-5.76-5.76-5.76 5.76v-27.2q0-1.6 1.28-1.6h8.64z\"><\/path>\n<\/svg><\/span><span class='hr-inner inner-border-av-border-thin'><span class=\"hr-inner-style\"><\/span><\/span><\/div><br \/>\n<section  class='av_textblock_section av-mg8l08mi-9521b22ccd43921658f6eebbe8536b17 '   itemscope=\"itemscope\" itemtype=\"https:\/\/schema.org\/CreativeWork\" ><div class='avia_textblock'  itemprop=\"text\" ><div class=\"step__details\">\n<h3 class=\"title-xs\" style=\"text-align: center;\">\u00bfA qu\u00e9 hora debo venir?<\/h3>\n<p class=\"title-xl\" style=\"text-align: center;\"><strong>\u00a1Te esperamos con un caf\u00e9 antes de que empiece la reuni\u00f3n!<\/strong><\/p>\n<div class=\"paragraph-s\">\n<p style=\"text-align: center;\">Puedes venir a las 11:00, cuando empieza el culto, pero nos encantar\u00eda que vinieras un poco antes, a las 10:30, porque nos gusta charlar con una taza de caf\u00e9 o un pastel.<\/p>\n<\/div>\n<\/div>\n<\/div><\/section><br \/>\n\n<style type=\"text\/css\" data-created_by=\"avia_inline_auto\" id=\"style-css-av-mg8l2vhb-928438e50c6701f1b7793f777b6fcf7e\">\n.avia-image-container.av-mg8l2vhb-928438e50c6701f1b7793f777b6fcf7e img.avia_image{\nbox-shadow:none;\n}\n.avia-image-container.av-mg8l2vhb-928438e50c6701f1b7793f777b6fcf7e .av-image-caption-overlay-center{\ncolor:#ffffff;\n}\n<\/style>\n<div  class='avia-image-container av-mg8l2vhb-928438e50c6701f1b7793f777b6fcf7e av-styling- avia-align-center  avia-builder-el-5  el_after_av_textblock  avia-builder-el-last '   itemprop=\"image\" itemscope=\"itemscope\" itemtype=\"https:\/\/schema.org\/ImageObject\" ><div class=\"avia-image-container-inner\"><div class=\"avia-image-overlay-wrap\"><img decoding=\"async\" fetchpriority=\"high\" class='wp-image-488 avia-img-lazy-loading-not-488 avia_image ' src=\"https:\/\/verticalchurch.es\/wp-content\/uploads\/2025\/10\/momobaby-3019.jpg\" alt='' title='momobaby-3019'  height=\"602\" width=\"902\"  itemprop=\"thumbnailUrl\" srcset=\"https:\/\/verticalchurch.es\/wp-content\/uploads\/2025\/10\/momobaby-3019.jpg 902w, https:\/\/verticalchurch.es\/wp-content\/uploads\/2025\/10\/momobaby-3019-300x200.jpg 300w, https:\/\/verticalchurch.es\/wp-content\/uploads\/2025\/10\/momobaby-3019-768x513.jpg 768w, https:\/\/verticalchurch.es\/wp-content\/uploads\/2025\/10\/momobaby-3019-705x471.jpg 705w\" sizes=\"(max-width: 902px) 100vw, 902px\" \/><\/div><\/div><\/div><\/p><\/div>\n<div  class='flex_column av-3777w-72d36dc5de782c85d7999daee7af1d95 av_one_full  avia-builder-el-6  el_after_av_one_full  el_before_av_one_full  first flex_column_div  column-top-margin'     ><section  class='av_textblock_section av-mg8lj0kx-309fee5d8840be75ecb098b811c440c9 '   itemscope=\"itemscope\" itemtype=\"https:\/\/schema.org\/CreativeWork\" ><div class='avia_textblock'  itemprop=\"text\" ><div class=\"step__details\">\n<h3 class=\"title-xs\" style=\"text-align: center;\">\u00bfC\u00f3mo me tengo que vestir?<\/h3>\n<p class=\"title-xl\" style=\"text-align: center;\"><strong>Valoramos la sencillez, la decencia y la modestia.<\/strong><\/p>\n<p class=\"title-xl\" style=\"text-align: center;\">Procuramos no poner restricciones sobre la ropa con la que decidas vestirte. Ven con el estilo que te representa y honra a Dios con la manera en que te sientes bien.<\/p>\n<\/div>\n<\/div><\/section><br \/>\n\n<style type=\"text\/css\" data-created_by=\"avia_inline_auto\" id=\"style-css-av-mg8lo8j7-410824df54bba50776791b05da1296a4\">\n.avia-image-container.av-mg8lo8j7-410824df54bba50776791b05da1296a4 img.avia_image{\nbox-shadow:none;\n}\n.avia-image-container.av-mg8lo8j7-410824df54bba50776791b05da1296a4 .av-image-caption-overlay-center{\ncolor:#ffffff;\n}\n<\/style>\n<div  class='avia-image-container av-mg8lo8j7-410824df54bba50776791b05da1296a4 av-styling- avia-align-center  avia-builder-el-8  el_after_av_textblock  avia-builder-el-last '   itemprop=\"image\" itemscope=\"itemscope\" itemtype=\"https:\/\/schema.org\/ImageObject\" ><div class=\"avia-image-container-inner\"><div class=\"avia-image-overlay-wrap\"><img decoding=\"async\" fetchpriority=\"high\" class='wp-image-489 avia-img-lazy-loading-not-489 avia_image ' src=\"https:\/\/verticalchurch.es\/wp-content\/uploads\/2025\/10\/ggggg.jpg\" alt='' title='ggggg'  height=\"1207\" width=\"1814\"  itemprop=\"thumbnailUrl\" srcset=\"https:\/\/verticalchurch.es\/wp-content\/uploads\/2025\/10\/ggggg.jpg 1814w, https:\/\/verticalchurch.es\/wp-content\/uploads\/2025\/10\/ggggg-300x200.jpg 300w, https:\/\/verticalchurch.es\/wp-content\/uploads\/2025\/10\/ggggg-1030x685.jpg 1030w, https:\/\/verticalchurch.es\/wp-content\/uploads\/2025\/10\/ggggg-768x511.jpg 768w, https:\/\/verticalchurch.es\/wp-content\/uploads\/2025\/10\/ggggg-1536x1022.jpg 1536w, https:\/\/verticalchurch.es\/wp-content\/uploads\/2025\/10\/ggggg-1500x998.jpg 1500w, https:\/\/verticalchurch.es\/wp-content\/uploads\/2025\/10\/ggggg-705x469.jpg 705w\" sizes=\"(max-width: 1814px) 100vw, 1814px\" \/><\/div><\/div><\/div><\/p><\/div>\n<div  class='flex_column av-2l760-798ef01bbfd5ffc954c5c2bdb366f2d0 av_one_full  avia-builder-el-9  el_after_av_one_full  el_before_av_one_full  first flex_column_div  column-top-margin'     ><section  class='av_textblock_section av-mg8m02yo-91ab9b5620217b984e2dbad7a192e5c4 '   itemscope=\"itemscope\" itemtype=\"https:\/\/schema.org\/CreativeWork\" ><div class='avia_textblock'  itemprop=\"text\" ><div class=\"step__details\">\n<h3 class=\"title-xs\" style=\"text-align: center;\"><strong>\u00bfD\u00d3NDE ESTAR\u00c1N LOS NI\u00d1OS?<\/strong><\/h3>\n<p class=\"title-xl\" style=\"text-align: center;\"><strong>En Vertical, los ni\u00f1os est\u00e1n bien atendidos.<\/strong><\/p>\n<div class=\"paragraph-s\">\n<p class=\"p1\" style=\"text-align: center;\">Durante el culto, los ni\u00f1os est\u00e1n en Vertical Kids, donde juegan, cantan y personas preparadas les presentan la Biblia con mucho cari\u00f1o y de una manera que puedan entender.<\/p>\n<\/div>\n<\/div>\n<\/div><\/section><br \/>\n\n<style type=\"text\/css\" data-created_by=\"avia_inline_auto\" id=\"style-css-av-mg8m80h8-725050a7a095749a85bd19839b9b6e31\">\n.avia-image-container.av-mg8m80h8-725050a7a095749a85bd19839b9b6e31 img.avia_image{\nbox-shadow:none;\n}\n.avia-image-container.av-mg8m80h8-725050a7a095749a85bd19839b9b6e31 .av-image-caption-overlay-center{\ncolor:#ffffff;\n}\n<\/style>\n<div  class='avia-image-container av-mg8m80h8-725050a7a095749a85bd19839b9b6e31 av-styling- avia-align-center  avia-builder-el-11  el_after_av_textblock  avia-builder-el-last '   itemprop=\"image\" itemscope=\"itemscope\" itemtype=\"https:\/\/schema.org\/ImageObject\" ><div class=\"avia-image-container-inner\"><div class=\"avia-image-overlay-wrap\"><img decoding=\"async\" fetchpriority=\"high\" class='wp-image-490 avia-img-lazy-loading-not-490 avia_image ' src=\"https:\/\/verticalchurch.es\/wp-content\/uploads\/2025\/10\/2148022673.jpg\" alt='' title='2148022673'  height=\"750\" width=\"1500\"  itemprop=\"thumbnailUrl\" srcset=\"https:\/\/verticalchurch.es\/wp-content\/uploads\/2025\/10\/2148022673.jpg 1500w, https:\/\/verticalchurch.es\/wp-content\/uploads\/2025\/10\/2148022673-300x150.jpg 300w, https:\/\/verticalchurch.es\/wp-content\/uploads\/2025\/10\/2148022673-1030x515.jpg 1030w, https:\/\/verticalchurch.es\/wp-content\/uploads\/2025\/10\/2148022673-768x384.jpg 768w, https:\/\/verticalchurch.es\/wp-content\/uploads\/2025\/10\/2148022673-705x353.jpg 705w\" sizes=\"(max-width: 1500px) 100vw, 1500px\" \/><\/div><\/div><\/div><\/p><\/div>\n<div  class='flex_column av-1yowk-c06aa3de29ce1bcb84666fcf5b394d3e av_one_full  avia-builder-el-12  el_after_av_one_full  el_before_av_button_big  avia-builder-el-last  first flex_column_div  column-top-margin'     ><section  class='av_textblock_section av-mg8ma4id-533f7ae4de12e112cf2d1fc1815e2ba2 '   itemscope=\"itemscope\" itemtype=\"https:\/\/schema.org\/CreativeWork\" ><div class='avia_textblock'  itemprop=\"text\" ><div class=\"step__details\">\n<h3 class=\"title-xs\" style=\"text-align: center;\"><strong>\u00bfD\u00d3NDE ME SENTAR\u00c9 YO?<\/strong><\/h3>\n<p class=\"title-xl\" style=\"text-align: center;\"><strong>Tambi\u00e9n tenemos ese detalle cubierto.<\/strong><\/p>\n<div class=\"paragraph-s\">\n<p class=\"p1\" style=\"text-align: center;\">Hay personas preparadas y con ganas de recibirte, responder a tus preguntas y asegurarse de que tengas una experiencia agradable y memorable.<\/p>\n<\/div>\n<\/div>\n<\/div><\/section><br \/>\n\n<style type=\"text\/css\" data-created_by=\"avia_inline_auto\" id=\"style-css-av-mg8mdaii-4017ceb3f120409c8fed6d5698c77fd6\">\n.avia-image-container.av-mg8mdaii-4017ceb3f120409c8fed6d5698c77fd6 img.avia_image{\nbox-shadow:none;\n}\n.avia-image-container.av-mg8mdaii-4017ceb3f120409c8fed6d5698c77fd6 .av-image-caption-overlay-center{\ncolor:#ffffff;\n}\n<\/style>\n<div  class='avia-image-container av-mg8mdaii-4017ceb3f120409c8fed6d5698c77fd6 av-styling- avia-align-center  avia-builder-el-14  el_after_av_textblock  avia-builder-el-last '   itemprop=\"image\" itemscope=\"itemscope\" itemtype=\"https:\/\/schema.org\/ImageObject\" ><div class=\"avia-image-container-inner\"><div class=\"avia-image-overlay-wrap\"><img decoding=\"async\" fetchpriority=\"high\" class='wp-image-491 avia-img-lazy-loading-not-491 avia_image ' src=\"https:\/\/verticalchurch.es\/wp-content\/uploads\/2025\/10\/sss.jpg\" alt='' title='sss'  height=\"1252\" width=\"1617\"  itemprop=\"thumbnailUrl\" srcset=\"https:\/\/verticalchurch.es\/wp-content\/uploads\/2025\/10\/sss.jpg 1617w, https:\/\/verticalchurch.es\/wp-content\/uploads\/2025\/10\/sss-300x232.jpg 300w, https:\/\/verticalchurch.es\/wp-content\/uploads\/2025\/10\/sss-1030x798.jpg 1030w, https:\/\/verticalchurch.es\/wp-content\/uploads\/2025\/10\/sss-768x595.jpg 768w, https:\/\/verticalchurch.es\/wp-content\/uploads\/2025\/10\/sss-1536x1189.jpg 1536w, https:\/\/verticalchurch.es\/wp-content\/uploads\/2025\/10\/sss-1500x1161.jpg 1500w, https:\/\/verticalchurch.es\/wp-content\/uploads\/2025\/10\/sss-705x546.jpg 705w\" sizes=\"(max-width: 1617px) 100vw, 1617px\" \/><\/div><\/div><\/div><\/p><\/div>\n<div  class='avia-button-wrap avia-button-center  avia-builder-el-15  el_after_av_one_full  el_before_av_section '>\n<style type=\"text\/css\" data-created_by=\"avia_inline_auto\" id=\"style-css-av-mgmq6uy7-bb5b39625ee08ff27efcfa9d80873957\">\n#top #wrap_all .avia-button.av-mgmq6uy7-bb5b39625ee08ff27efcfa9d80873957{\nbackground-color:#da3a46;\nborder-color:#da3a46;\ntransition:all 0.4s ease-in-out;\n}\n#top #wrap_all .avia-button.av-mgmq6uy7-bb5b39625ee08ff27efcfa9d80873957:hover{\nbackground-color:#da3a46;\ncolor:white;\ntransition:all 0.4s ease-in-out;\n}\n#top #wrap_all .avia-button.av-mgmq6uy7-bb5b39625ee08ff27efcfa9d80873957:hover .avia-svg-icon svg:first-child{\nfill:white;\nstroke:white;\n}\n<\/style>\n<a href='https:\/\/verticalzaragoza.com\/es\/conocenos\/' class='avia-font-color-theme-color avia-button avia-button-fullwidth av-mgmq6uy7-bb5b39625ee08ff27efcfa9d80873957 avia-icon_select-yes-left-icon avia-color-custom'   aria-label=\"\u00bfQuieres recordar nuestra visi\u00f3n? \"><span class='avia_button_icon avia_button_icon_left avia-svg-icon avia-font-svg_entypo-fontello' data-av_svg_icon='address' data-av_iconset='svg_entypo-fontello'><svg version=\"1.1\" xmlns=\"http:\/\/www.w3.org\/2000\/svg\" width=\"32\" height=\"32\" viewBox=\"0 0 32 32\" preserveAspectRatio=\"xMidYMid meet\" aria-labelledby='av-svg-title-2' aria-describedby='av-svg-desc-2' role=\"graphics-symbol\">\n<title id='av-svg-title-2'>Address<\/title>\n<desc id='av-svg-desc-2'>Address icon<\/desc>\n<path d=\"M13.632 1.6q0.64 0 0.64 0.64v27.52q0 0.64-0.64 0.64h-1.472q-0.64 0-0.64-0.64v-14.080h-5.632q-0.512 0-0.896-0.192-0.384-0.064-0.832-0.384l-3.84-2.624q-0.32-0.192-0.32-0.512t0.32-0.512l3.84-2.624q0.448-0.32 0.832-0.384 0.256-0.128 0.896-0.128h5.632v-6.080q0-0.64 0.64-0.64h1.472zM31.68 8.256q0.32 0.192 0.32 0.512t-0.32 0.512l-3.776 2.624q-0.704 0.384-0.832 0.384-0.448 0.192-0.896 0.192h-9.664l-1.28-7.36h10.944q0.576 0 0.896 0.128t0.832 0.384z\"><\/path>\n<\/svg><\/span><span class='avia_iconbox_title' >\u00bfQuieres recordar nuestra visi\u00f3n? <\/span><div class='av-button-description av-button-description-below'><p>Entra aqui!<\/p>\n<\/div><\/a><\/div>\n\n<style type=\"text\/css\" data-created_by=\"avia_inline_auto\" id=\"style-css-av-mg8mw11u-e4c8c88b4a3e6b631f1c1d3a5a494311\">\n.avia-section.av-mg8mw11u-e4c8c88b4a3e6b631f1c1d3a5a494311 .av-parallax .av-parallax-inner{\nbackground-repeat:no-repeat;\nbackground-image:url(https:\/\/verticalchurch.es\/wp-content\/uploads\/2025\/10\/fond-gri-1-scaled.jpg);\nbackground-position:0% 0%;\nbackground-attachment:scroll;\n}\n<\/style>\n<div id='av_section_1'  class='avia-section av-mg8mw11u-e4c8c88b4a3e6b631f1c1d3a5a494311 main_color avia-section-default avia-no-border-styling  avia-builder-el-16  el_after_av_button_big  avia-builder-el-last  av-parallax-section avia-bg-style-parallax container_wrap sidebar_right'  data-section-bg-repeat='no-repeat'><div class='av-parallax' data-avia-parallax-ratio='0.3' ><div class='av-parallax-inner main_color avia-full-stretch'><\/div><\/div><div class='container av-section-cont-open' ><div class='template-page content  av-content-small alpha units'><div class='post-entry post-entry-type-page post-entry-492'><div class='entry-content-wrapper clearfix'>\n<div  class='flex_column av-54c0-9a7219b7d68c0ab212fae0d7b548ddd7 av_one_fifth  avia-builder-el-17  el_before_av_three_fifth  avia-builder-el-first  first flex_column_div  '     ><\/div>\n<style type=\"text\/css\" data-created_by=\"avia_inline_auto\" id=\"style-css-av-mg8myez6-17895e2e6d8d91da5e544d0de8099b68\">\n.flex_column.av-mg8myez6-17895e2e6d8d91da5e544d0de8099b68{\nbackground-color:rgba(255,255,255,0.6);\n}\n<\/style>\n<div  class='flex_column av-mg8myez6-17895e2e6d8d91da5e544d0de8099b68 av_three_fifth  avia-builder-el-18  el_after_av_one_fifth  el_before_av_one_fifth  flex_column_div  '     ><p>\n<style type=\"text\/css\" data-created_by=\"avia_inline_auto\" id=\"style-css-av-mg8mx7qq-b1a53e6b9f57f0e1c9c99bac36ddd206\">\n#top .hr.hr-invisible.av-mg8mx7qq-b1a53e6b9f57f0e1c9c99bac36ddd206{\nheight:50px;\n}\n<\/style>\n<div  class='hr av-mg8mx7qq-b1a53e6b9f57f0e1c9c99bac36ddd206 hr-invisible  avia-builder-el-19  el_before_av_textblock  avia-builder-el-first '><span class='hr-inner '><span class=\"hr-inner-style\"><\/span><\/span><\/div><br \/>\n<section  class='av_textblock_section av-mg8mxr4d-1a8b027ce2c9c15267cb29441bcb9f37 '   itemscope=\"itemscope\" itemtype=\"https:\/\/schema.org\/CreativeWork\" ><div class='avia_textblock'  itemprop=\"text\" ><h3 class=\"title-xl\" style=\"text-align: center;\"><strong>\u00bfEst\u00e1s libre este fin de semana?<\/strong><\/h3>\n<p class=\"title-m\" style=\"text-align: center;\"><strong>Te esperamos cada domingo a las 10:30<\/strong><\/p>\n<div class=\"invite__columns\" style=\"text-align: center;\">\n<div class=\"invite__address\"><\/div>\n<\/div>\n<div class=\"invite__address\" style=\"text-align: center;\"><strong>Calle Alejandro Olivan 22-24, Zaragoza <\/strong><\/div>\n<div class=\"invite__address\" style=\"text-align: center;\"><strong><span class=\"invite__columns__description\">0730 503 819<\/span> | flaviu_pop_86@yahoo.com<\/strong><\/div>\n<\/div><\/section><br \/>\n\n<style type=\"text\/css\" data-created_by=\"avia_inline_auto\" id=\"style-css-av-mg8mxcu9-bcd1e8fca5ab17db235cfb07c2dfeeac\">\n#top .hr.hr-invisible.av-mg8mxcu9-bcd1e8fca5ab17db235cfb07c2dfeeac{\nheight:50px;\n}\n<\/style>\n<div  class='hr av-mg8mxcu9-bcd1e8fca5ab17db235cfb07c2dfeeac hr-invisible  avia-builder-el-21  el_after_av_textblock  avia-builder-el-last '><span class='hr-inner '><span class=\"hr-inner-style\"><\/span><\/span><\/div><\/p><\/div><div  class='flex_column av-tmfk-9b2c3ad6261f09ad1737caa2820e12c4 av_one_fifth  avia-builder-el-22  el_after_av_three_fifth  avia-builder-el-last  flex_column_div  '     ><\/div>\n<\/div><\/div><\/div><!-- close content main div --><\/div><\/div><div id='after_section_1'  class='main_color av_default_container_wrap container_wrap sidebar_right'  ><div class='container av-section-cont-open' ><div class='template-page content  av-content-small alpha units'><div class='post-entry post-entry-type-page post-entry-492'><div class='entry-content-wrapper clearfix'>\n","protected":false},"excerpt":{"rendered":"","protected":false},"author":1,"featured_media":0,"parent":0,"menu_order":0,"comment_status":"closed","ping_status":"closed","template":"","meta":{"_acf_changed":false,"footnotes":""},"class_list":["post-492","page","type-page","status-publish","hentry"],"acf":[],"_links":{"self":[{"href":"https:\/\/verticalchurch.es\/es\/wp-json\/wp\/v2\/pages\/492","targetHints":{"allow":["GET"]}}],"collection":[{"href":"https:\/\/verticalchurch.es\/es\/wp-json\/wp\/v2\/pages"}],"about":[{"href":"https:\/\/verticalchurch.es\/es\/wp-json\/wp\/v2\/types\/page"}],"author":[{"embeddable":true,"href":"https:\/\/verticalchurch.es\/es\/wp-json\/wp\/v2\/users\/1"}],"replies":[{"embeddable":true,"href":"https:\/\/verticalchurch.es\/es\/wp-json\/wp\/v2\/comments?post=492"}],"version-history":[{"count":13,"href":"https:\/\/verticalchurch.es\/es\/wp-json\/wp\/v2\/pages\/492\/revisions"}],"predecessor-version":[{"id":1078,"href":"https:\/\/verticalchurch.es\/es\/wp-json\/wp\/v2\/pages\/492\/revisions\/1078"}],"wp:attachment":[{"href":"https:\/\/verticalchurch.es\/es\/wp-json\/wp\/v2\/media?parent=492"}],"curies":[{"name":"wp","href":"https:\/\/api.w.org\/{rel}","templated":true}]}}